{"id":13141,"date":"2016-02-28T12:53:12","date_gmt":"2016-02-28T11:53:12","guid":{"rendered":"http:\/\/www.mesnie.org\/?page_id=13141"},"modified":"2021-10-26T10:44:08","modified_gmt":"2021-10-26T08:44:08","slug":"donation","status":"publish","type":"page","link":"https:\/\/terageek.org\/en\/donation\/","title":{"rendered":"Donation"},"content":{"rendered":"<p>Since its creation in 2014, the community has fulfilled its objective of sharing and helping each other. Every day, it enables dozens of gamers to meet up and spend some great gaming time together; it also allows us to share our knowledge with geeks from all over the world. <\/p>\n\n\n\n<p>While we want to keep as many of our services as possible free of charge, they do have a cost, and the help of our members has sometimes been an absolute necessity in order to continue to serve our beloved geeks. Every donation helps to keep the community going by relieving the cost of the TeraGeek infrastructure.<\/p>\n\n\n\n<p>I therefore invite you to make donations whenever you feel like it, as a way of saying thank you and making the sharing mutual in every way, including financially.<\/p>\n\n\n\n<p><strong>Thank you very much!<\/strong> ?<\/p>\n\n\n\n<p class=\"has-text-align-right\"><a href=\"https:\/\/terageek.org\/en\/members\/ultimatebyte\/\" target=\"_blank\" rel=\"noopener noreferrer\">UltimateByte<\/a><\/p>\n\n\n\n<div class=\"wp-block-columns is-layout-flex wp-container-core-columns-is-layout-28f84493 wp-block-columns-is-layout-flex\">\n<div class=\"wp-block-column is-layout-flow wp-block-column-is-layout-flow\">\n<p class=\"has-text-align-center\"><strong><a href=\"https:\/\/shop.terageek.org\/p\/cotisation-adherent-terageek\/\" target=\"_blank\" rel=\"noreferrer noopener\">Become a member: Opt for an annual subscription to TeraGeek<\/a><\/strong><\/p>\n\n\n\n<div class=\"wp-block-image\"><figure class=\"aligncenter size-medium is-resized\"><a href=\"https:\/\/shop.terageek.org\/p\/cotisation-adherent-terageek\/\" target=\"_blank\" rel=\"noopener noreferrer\"><img loading=\"lazy\" decoding=\"async\" src=\"https:\/\/terageek.org\/wp-content\/uploads\/2020\/04\/terageek-logo-blackbg-minimalborders-300x113.png\" alt=\"TeraGeek membership fee\" class=\"wp-image-20259\" width=\"300\" height=\"113\" srcset=\"https:\/\/terageek.org\/wp-content\/uploads\/2020\/04\/terageek-logo-blackbg-minimalborders-300x113.png 300w, https:\/\/terageek.org\/wp-content\/uploads\/2020\/04\/terageek-logo-blackbg-minimalborders-768x290.png 768w, https:\/\/terageek.org\/wp-content\/uploads\/2020\/04\/terageek-logo-blackbg-minimalborders.png 868w\" sizes=\"auto, (max-width: 300px) 100vw, 300px\" \/><\/a><\/figure><\/div>\n<\/div>\n\n\n\n<div class=\"wp-block-column is-layout-flow wp-block-column-is-layout-flow\">\n<p class=\"has-text-align-center\"><strong>Make a donation via PayPal, by credit card or via your PayPal balance (no account required)<\/strong><\/p>\n\n\n\n<center><form action=\"https:\/\/www.paypal.com\/cgi-bin\/webscr\" method=\"post\" target=\"_top\">\n<input type=\"hidden\" name=\"cmd\" value=\"_s-xclick\">\n<input type=\"hidden\" name=\"hosted_button_id\" value=\"A3QBAXRQNN6YG\">\n<input type=\"image\" src=\"https:\/\/www.paypalobjects.com\/fr_FR\/FR\/i\/btn\/btn_donateCC_LG.gif\" name=\"submit\" title=\"PayPal - The safer, easier way to pay online!\" alt=\"Donate with PayPal button\" border=\"0\">\n<img loading=\"lazy\" decoding=\"async\" alt=\"\" src=\"https:\/\/www.paypal.com\/fr_FR\/i\/scr\/pixel.gif\" width=\"1\" height=\"1\" border=\"0\">\n<\/form>\n\n<\/center>\n<\/div>\n<\/div>\n\n\n\n<h3 class=\"wp-block-heading\">Special Thanks<\/h3>\n\n\n\n<p>Lochness - Unconditional donor without whom UltimateByte would be living under a bridge<br><a href=\"https:\/\/terageek.org\/en\/members\/lightblue\/\" target=\"_blank\" rel=\"noopener noreferrer\">Light<\/a> - Doing everything for your Bronies<br><a href=\"https:\/\/terageek.org\/en\/members\/madarauchiha\/\" target=\"_blank\" rel=\"noopener noreferrer\">Madara<\/a> - What would we do without you?<br><a href=\"https:\/\/terageek.org\/en\/members\/dwarlok\/\" target=\"_blank\" rel=\"noopener noreferrer\">Dwarlok<\/a> - Magical Dwarf who believed in the community from the start<br><a href=\"https:\/\/terageek.org\/en\/members\/lixe\/\" target=\"_blank\" rel=\"noopener noreferrer\">Lixe<\/a> - Who was there when it mattered most<br><a href=\"https:\/\/terageek.org\/en\/members\/scanpienightmoon\/\" target=\"_blank\" rel=\"noopener noreferrer\">Scanpie<\/a> - For giving without expecting anything in return<br><a href=\"https:\/\/terageek.org\/en\/members\/cartman\/\" target=\"_blank\" rel=\"noopener noreferrer\">Cartman<\/a> - Even though he only donated the TeamSpeak<br><a href=\"https:\/\/terageek.org\/en\/members\/rafyax1\/\" target=\"_blank\" rel=\"noopener noreferrer\">Rafyax<\/a> - Who saved the community without hesitation<br><a href=\"https:\/\/terageek.org\/en\/members\/jack-cparou\/\" target=\"_blank\" rel=\"noopener noreferrer\">Jack CParOu<\/a> - Who wasn't afraid to put their money where their mouth was<br>\nJack - Whose incredible generosity made for some unforgettable moments in Rust<br><a href=\"https:\/\/terageek.org\/en\/members\/raphael_tuvee\/\" target=\"_blank\" rel=\"noopener noreferrer\">Otter Supreme<\/a> - Always there to buy a beer<br><a href=\"https:\/\/terageek.org\/en\/members\/ultimatebyte\/\" target=\"_blank\" rel=\"noopener noreferrer\">UltimateByte<\/a> - To pay your bills each month<br><a href=\"https:\/\/www.haisoft.fr\/\" target=\"_blank\" rel=\"noopener noreferrer\">HaiSoft<\/a> - Which provides the web server free of charge on a managed VM<\/p>","protected":false},"excerpt":{"rendered":"<p>Depuis sa cr\u00e9ation en 2014, la communaut\u00e9 remplit son objectif de partage et d&rsquo;entraide. Elle permet quotidiennement \u00e0 des dizaines de joueurs de se retrouver et de passer de bons moments de gaming ensemble; elle permet \u00e9galement de partager notre savoir aux geeks du monde entier. Si nous souhaitons conserver la gratuit\u00e9 d&rsquo;un maximum de [&hellip;]<\/p>\n","protected":false},"author":1,"featured_media":18436,"parent":0,"menu_order":0,"comment_status":"closed","ping_status":"closed","template":"","meta":{"footnotes":""},"class_list":["post-13141","page","type-page","status-publish","has-post-thumbnail","hentry"],"_links":{"self":[{"href":"https:\/\/terageek.org\/en\/wp-json\/wp\/v2\/pages\/13141","targetHints":{"allow":["GET"]}}],"collection":[{"href":"https:\/\/terageek.org\/en\/wp-json\/wp\/v2\/pages"}],"about":[{"href":"https:\/\/terageek.org\/en\/wp-json\/wp\/v2\/types\/page"}],"author":[{"embeddable":true,"href":"https:\/\/terageek.org\/en\/wp-json\/wp\/v2\/users\/1"}],"replies":[{"embeddable":true,"href":"https:\/\/terageek.org\/en\/wp-json\/wp\/v2\/comments?post=13141"}],"version-history":[{"count":1,"href":"https:\/\/terageek.org\/en\/wp-json\/wp\/v2\/pages\/13141\/revisions"}],"predecessor-version":[{"id":20757,"href":"https:\/\/terageek.org\/en\/wp-json\/wp\/v2\/pages\/13141\/revisions\/20757"}],"wp:featuredmedia":[{"embeddable":true,"href":"https:\/\/terageek.org\/en\/wp-json\/wp\/v2\/media\/18436"}],"wp:attachment":[{"href":"https:\/\/terageek.org\/en\/wp-json\/wp\/v2\/media?parent=13141"}],"curies":[{"name":"wp","href":"https:\/\/api.w.org\/{rel}","templated":true}]}}