{"id":20981,"date":"2025-08-11T02:05:32","date_gmt":"2025-08-11T00:05:32","guid":{"rendered":"https:\/\/terageek.org\/?page_id=20981"},"modified":"2025-08-11T02:12:50","modified_gmt":"2025-08-11T00:12:50","slug":"blog","status":"publish","type":"page","link":"https:\/\/terageek.org\/en\/blog\/","title":{"rendered":"Blog"},"content":{"rendered":"\n<div class=\"wp-block-group alignwide has-global-padding is-layout-constrained wp-block-group-is-layout-constrained\" style=\"padding-bottom:30px\">\n<div class=\"wp-block-group alignwide is-content-justification-space-between is-layout-flex wp-container-core-group-is-layout-9366075c wp-block-group-is-layout-flex\">\n<h2 class=\"wp-block-heading alignwide has-text-align-left  animated animated-fadeInUp has-primary-color has-text-color\">Toutes les publications<\/h2>\n\n\n<form role=\"search\" method=\"get\" action=\"https:\/\/terageek.org\/en\/\" class=\"wp-block-search__button-outside wp-block-search__icon-button wp-block-search\"    ><label class=\"wp-block-search__label screen-reader-text\" for=\"wp-block-search__input-1\" >Rechercher<\/label><div class=\"wp-block-search__inside-wrapper\" ><input class=\"wp-block-search__input\" id=\"wp-block-search__input-1\" placeholder=\"Rechercher...\" value=\"\" type=\"search\" name=\"s\" required \/><button aria-label=\"Rechercher\" class=\"wp-block-search__button has-icon wp-element-button\" type=\"submit\" ><svg class=\"search-icon\" viewBox=\"0 0 24 24\" width=\"24\" height=\"24\">\n\t\t\t\t\t<path d=\"M13 5c-3.3 0-6 2.7-6 6 0 1.4.5 2.7 1.3 3.7l-3.8 3.8 1.1 1.1 3.8-3.8c1 .8 2.3 1.3 3.7 1.3 3.3 0 6-2.7 6-6S16.3 5 13 5zm0 10.5c-2.5 0-4.5-2-4.5-4.5s2-4.5 4.5-4.5 4.5 2 4.5 4.5-2 4.5-4.5 4.5z\"><\/path>\n\t\t\t\t<\/svg><\/button><\/div><\/form><\/div>\n\n\n\n<main class=\"wp-block-query alignwide is-layout-flow wp-block-query-is-layout-flow\"><nav class=\"aligncenter has-shadow-dark  animated animated-fadeInUp wp-block-query-pagination is-content-justification-space-between is-layout-flex wp-container-core-query-pagination-is-layout-b2891da8 wp-block-query-pagination-is-layout-flex\" aria-label=\"Pagination\">\n\n\n<div class=\"wp-block-query-pagination-numbers\"><span aria-current=\"page\" class=\"page-numbers current\">1<\/span>\n<a class=\"page-numbers\" href=\"?query-1-page=2\">2<\/a>\n<a class=\"page-numbers\" href=\"?query-1-page=3\">3<\/a>\n<span class=\"page-numbers dots\">&hellip;<\/span>\n<a class=\"page-numbers\" href=\"?query-1-page=14\">14<\/a><\/div>\n\n<a href=\"\/en\/wp-json\/wp\/v2\/pages\/20981?query-1-page=2\" class=\"wp-block-query-pagination-next has-small-font-size\">Next Page<span class='wp-block-query-pagination-next-arrow is-arrow-arrow' aria-hidden='true'>\u2192<\/span><\/a>\n<\/nav>\n\n<ul class=\"columns-3 alignwide wp-block-post-template is-layout-grid wp-container-core-post-template-is-layout-6d3fbd8f wp-block-post-template-is-layout-grid\"><li class=\"wp-block-post post-20896 post type-post status-publish format-standard has-post-thumbnail hentry category-news\">\n\n<div class=\"wp-block-group has-shadow-dark animated animated-fadeInUp has-global-padding is-layout-constrained wp-container-core-group-is-layout-da976f36 wp-block-group-is-layout-constrained\" style=\"padding-top:0px;padding-right:0px;padding-bottom:0px;padding-left:0px\"><figure style=\"aspect-ratio:16\/9;\" class=\"alignwide no-padding wp-block-post-featured-image\"><a href=\"https:\/\/terageek.org\/en\/news\/comment-choisir-un-hebergeur-web-en-2025\/\" target=\"_self\"  ><img loading=\"lazy\" decoding=\"async\" width=\"1536\" height=\"1024\" src=\"https:\/\/terageek.org\/wp-content\/uploads\/2025\/04\/Comparatif-hebergeurs.png\" class=\"attachment-post-thumbnail size-post-thumbnail wp-post-image\" alt=\"Comment choisir un h\u00e9bergeur web en 2025 ?\" style=\"width:100%;height:100%;object-fit:cover;\" srcset=\"https:\/\/terageek.org\/wp-content\/uploads\/2025\/04\/Comparatif-hebergeurs.png 1536w, https:\/\/terageek.org\/wp-content\/uploads\/2025\/04\/Comparatif-hebergeurs-300x200.png 300w, https:\/\/terageek.org\/wp-content\/uploads\/2025\/04\/Comparatif-hebergeurs-1024x683.png 1024w, https:\/\/terageek.org\/wp-content\/uploads\/2025\/04\/Comparatif-hebergeurs-768x512.png 768w\" sizes=\"auto, (max-width: 1536px) 100vw, 1536px\" \/><\/a><\/figure>\n\n\n<div class=\"wp-block-group alignwide has-background is-layout-flow wp-container-core-group-is-layout-f6195907 wp-block-group-is-layout-flow\" style=\"background-color:#111111;margin-top:0px;padding-top:40px;padding-right:40px;padding-bottom:40px;padding-left:40px\"><h3 style=\"font-style:normal;font-weight:400;\" class=\"alignwide wp-block-post-title\"><a href=\"https:\/\/terageek.org\/en\/news\/comment-choisir-un-hebergeur-web-en-2025\/\" target=\"_self\" >Comment choisir un h\u00e9bergeur web en 2025 ?<\/a><\/h3>\n\n\n<div class=\"wp-block-group is-nowrap is-layout-flex wp-container-core-group-is-layout-6c531013 wp-block-group-is-layout-flex\"><div class=\"wp-block-post-author\"><div class=\"wp-block-post-author__avatar\"><img alt='' src='https:\/\/terageek.org\/wp-content\/uploads\/avatars\/1\/607cdc6365201-bpthumb.png' srcset='https:\/\/terageek.org\/wp-content\/uploads\/avatars\/1\/607cdc6365201-bpthumb.png 2x' class='avatar avatar-24 photo' height='24' width='24' \/><\/div><div class=\"wp-block-post-author__content\"><p class=\"wp-block-post-author__byline\">Article de<\/p><p class=\"wp-block-post-author__name\">UltimateByte<\/p><\/div><\/div>\n\n<div class=\"wp-block-post-date has-small-font-size\"><time datetime=\"2025-04-05T00:35:17+02:00\"><a href=\"https:\/\/terageek.org\/en\/news\/comment-choisir-un-hebergeur-web-en-2025\/\">5 April 2025<\/a><\/time><\/div><\/div>\n\n\n<div class=\"wp-block-post-excerpt\"><p class=\"wp-block-post-excerpt__excerpt\">Vous le savez peut-\u00eatre (ou pas), TeraGeek est un site WordPress h\u00e9berg\u00e9 chez LRob depuis quelques ann\u00e9es d\u00e9sormais. LRob, c&rsquo;est l&rsquo;h\u00e9bergeur qu&rsquo;est devenu le fondateur de TeraGeek (oui, je parle de moi \u00e0 la troisi\u00e8me personne et alors ?!). Et alors&#8230; Il se peut surtout que nous ayons quelques pistes \u00e0 vous donner pour bien<\/p><p class=\"wp-block-post-excerpt__more-text\"><a class=\"wp-block-post-excerpt__more-link\" href=\"https:\/\/terageek.org\/en\/news\/comment-choisir-un-hebergeur-web-en-2025\/\">Lire la suite<\/a><\/p><\/div><\/div>\n<\/div>\n\n<\/li><li class=\"wp-block-post post-20915 post type-post status-publish format-standard has-post-thumbnail hentry category-gaming\">\n\n<div class=\"wp-block-group has-shadow-dark animated animated-fadeInUp has-global-padding is-layout-constrained wp-container-core-group-is-layout-da976f36 wp-block-group-is-layout-constrained\" style=\"padding-top:0px;padding-right:0px;padding-bottom:0px;padding-left:0px\"><figure style=\"aspect-ratio:16\/9;\" class=\"alignwide no-padding wp-block-post-featured-image\"><a href=\"https:\/\/terageek.org\/en\/gaming\/last-war-guide-doptimisation-du-vs-7-jours\/\" target=\"_self\"  ><img loading=\"lazy\" decoding=\"async\" width=\"1024\" height=\"1024\" src=\"https:\/\/terageek.org\/wp-content\/uploads\/2025\/08\/vs-last-war.webp\" class=\"attachment-post-thumbnail size-post-thumbnail wp-post-image\" alt=\"Last War &#8211; Guide d&rsquo;optimisation du VS &#8211; 7 jours\" style=\"width:100%;height:100%;object-fit:cover;\" srcset=\"https:\/\/terageek.org\/wp-content\/uploads\/2025\/08\/vs-last-war.webp 1024w, https:\/\/terageek.org\/wp-content\/uploads\/2025\/08\/vs-last-war-300x300.webp 300w, https:\/\/terageek.org\/wp-content\/uploads\/2025\/08\/vs-last-war-150x150.webp 150w, https:\/\/terageek.org\/wp-content\/uploads\/2025\/08\/vs-last-war-768x768.webp 768w\" sizes=\"auto, (max-width: 1024px) 100vw, 1024px\" \/><\/a><\/figure>\n\n\n<div class=\"wp-block-group alignwide has-background is-layout-flow wp-container-core-group-is-layout-f6195907 wp-block-group-is-layout-flow\" style=\"background-color:#111111;margin-top:0px;padding-top:40px;padding-right:40px;padding-bottom:40px;padding-left:40px\"><h3 style=\"font-style:normal;font-weight:400;\" class=\"alignwide wp-block-post-title\"><a href=\"https:\/\/terageek.org\/en\/gaming\/last-war-guide-doptimisation-du-vs-7-jours\/\" target=\"_self\" >Last War &#8211; Guide d&rsquo;optimisation du VS &#8211; 7 jours<\/a><\/h3>\n\n\n<div class=\"wp-block-group is-nowrap is-layout-flex wp-container-core-group-is-layout-6c531013 wp-block-group-is-layout-flex\"><div class=\"wp-block-post-author\"><div class=\"wp-block-post-author__avatar\"><img alt='' src='https:\/\/terageek.org\/wp-content\/uploads\/avatars\/1\/607cdc6365201-bpthumb.png' srcset='https:\/\/terageek.org\/wp-content\/uploads\/avatars\/1\/607cdc6365201-bpthumb.png 2x' class='avatar avatar-24 photo' height='24' width='24' \/><\/div><div class=\"wp-block-post-author__content\"><p class=\"wp-block-post-author__byline\">Article de<\/p><p class=\"wp-block-post-author__name\">UltimateByte<\/p><\/div><\/div>\n\n<div class=\"wp-block-post-date has-small-font-size\"><time datetime=\"2025-08-10T20:29:37+02:00\"><a href=\"https:\/\/terageek.org\/en\/gaming\/last-war-guide-doptimisation-du-vs-7-jours\/\">10 August 2025<\/a><\/time><\/div><\/div>\n\n\n<div class=\"wp-block-post-excerpt\"><p class=\"wp-block-post-excerpt__excerpt\">Voici le guide quotidien pour optimiser les points aux VS d&rsquo;alliance sur le jeu Last War. N&rsquo;oublie pas d&rsquo;am\u00e9liorer ton arbre de recherche VS (duel d&rsquo;alliance) pour d\u00e9cupler tes points et acc\u00e9der \u00e0 davantage de coffres ! Certaines t\u00e2ches doivent pr\u00e9f\u00e9rablement \u00eatre r\u00e9alis\u00e9es aux heures indiqu\u00e9es pour compter en plus pour ton \u00e9v\u00e9nement de \u00ab\u00a0Courses<\/p><p class=\"wp-block-post-excerpt__more-text\"><a class=\"wp-block-post-excerpt__more-link\" href=\"https:\/\/terageek.org\/en\/gaming\/last-war-guide-doptimisation-du-vs-7-jours\/\">Lire la suite<\/a><\/p><\/div><\/div>\n<\/div>\n\n<\/li><li class=\"wp-block-post post-20681 post type-post status-publish format-standard has-post-thumbnail hentry category-crypto category-tuto\">\n\n<div class=\"wp-block-group has-shadow-dark animated animated-fadeInUp has-global-padding is-layout-constrained wp-container-core-group-is-layout-da976f36 wp-block-group-is-layout-constrained\" style=\"padding-top:0px;padding-right:0px;padding-bottom:0px;padding-left:0px\"><figure style=\"aspect-ratio:16\/9;\" class=\"alignwide no-padding wp-block-post-featured-image\"><a href=\"https:\/\/terageek.org\/en\/tuto\/comment-miner-ethereum-gpu-pc-gaming\/\" target=\"_self\"  ><img loading=\"lazy\" decoding=\"async\" width=\"1920\" height=\"1280\" src=\"https:\/\/terageek.org\/wp-content\/uploads\/2021\/04\/ethereum-tarnished-close-up.jpg\" class=\"attachment-post-thumbnail size-post-thumbnail wp-post-image\" alt=\"Comment miner de l&rsquo;Ethereum avec son GPU de PC Gaming ?\" style=\"width:100%;height:100%;object-fit:cover;\" srcset=\"https:\/\/terageek.org\/wp-content\/uploads\/2021\/04\/ethereum-tarnished-close-up.jpg 1920w, https:\/\/terageek.org\/wp-content\/uploads\/2021\/04\/ethereum-tarnished-close-up-300x200.jpg 300w, https:\/\/terageek.org\/wp-content\/uploads\/2021\/04\/ethereum-tarnished-close-up-1024x683.jpg 1024w, https:\/\/terageek.org\/wp-content\/uploads\/2021\/04\/ethereum-tarnished-close-up-768x512.jpg 768w, https:\/\/terageek.org\/wp-content\/uploads\/2021\/04\/ethereum-tarnished-close-up-1536x1024.jpg 1536w, https:\/\/terageek.org\/wp-content\/uploads\/2021\/04\/ethereum-tarnished-close-up-570x380.jpg 570w\" sizes=\"auto, (max-width: 1920px) 100vw, 1920px\" \/><\/a><\/figure>\n\n\n<div class=\"wp-block-group alignwide has-background is-layout-flow wp-container-core-group-is-layout-f6195907 wp-block-group-is-layout-flow\" style=\"background-color:#111111;margin-top:0px;padding-top:40px;padding-right:40px;padding-bottom:40px;padding-left:40px\"><h3 style=\"font-style:normal;font-weight:400;\" class=\"alignwide wp-block-post-title\"><a href=\"https:\/\/terageek.org\/en\/tuto\/comment-miner-ethereum-gpu-pc-gaming\/\" target=\"_self\" >Comment miner de l&rsquo;Ethereum avec son GPU de PC Gaming ?<\/a><\/h3>\n\n\n<div class=\"wp-block-group is-nowrap is-layout-flex wp-container-core-group-is-layout-6c531013 wp-block-group-is-layout-flex\"><div class=\"wp-block-post-author\"><div class=\"wp-block-post-author__avatar\"><img alt='' src='https:\/\/terageek.org\/wp-content\/uploads\/avatars\/1\/607cdc6365201-bpthumb.png' srcset='https:\/\/terageek.org\/wp-content\/uploads\/avatars\/1\/607cdc6365201-bpthumb.png 2x' class='avatar avatar-24 photo' height='24' width='24' \/><\/div><div class=\"wp-block-post-author__content\"><p class=\"wp-block-post-author__byline\">Article de<\/p><p class=\"wp-block-post-author__name\">UltimateByte<\/p><\/div><\/div>\n\n<div class=\"wp-block-post-date has-small-font-size\"><time datetime=\"2021-04-18T04:18:51+02:00\"><a href=\"https:\/\/terageek.org\/en\/tuto\/comment-miner-ethereum-gpu-pc-gaming\/\">18 April 2021<\/a><\/time><\/div><\/div>\n\n\n<div class=\"wp-block-post-excerpt\"><p class=\"wp-block-post-excerpt__excerpt\">[Update] Attention, en 2022 le mining n&rsquo;est plus recommand\u00e9 en raison de l&rsquo;augmentation de la difficult\u00e9 de mining, de la chute de la valeur des crypos et de l&rsquo;augmentation du prix de l&rsquo;\u00e9nergie. Miner n&rsquo;est dans la plupart des cas plus rentable. Cet article est conserv\u00e9 uniquement \u00e0 titre d&rsquo;information et d&rsquo;archive. Le march\u00e9 des<\/p><p class=\"wp-block-post-excerpt__more-text\"><a class=\"wp-block-post-excerpt__more-link\" href=\"https:\/\/terageek.org\/en\/tuto\/comment-miner-ethereum-gpu-pc-gaming\/\">Lire la suite<\/a><\/p><\/div><\/div>\n<\/div>\n\n<\/li><li class=\"wp-block-post post-20173 post type-post status-publish format-standard has-post-thumbnail hentry category-gaming category-news\">\n\n<div class=\"wp-block-group has-shadow-dark animated animated-fadeInUp has-global-padding is-layout-constrained wp-container-core-group-is-layout-da976f36 wp-block-group-is-layout-constrained\" style=\"padding-top:0px;padding-right:0px;padding-bottom:0px;padding-left:0px\"><figure style=\"aspect-ratio:16\/9;\" class=\"alignwide no-padding wp-block-post-featured-image\"><a href=\"https:\/\/terageek.org\/en\/news\/serveur-rust-pour-redecouvrir-le-jeu\/\" target=\"_self\"  ><img loading=\"lazy\" decoding=\"async\" width=\"2488\" height=\"865\" src=\"https:\/\/terageek.org\/wp-content\/uploads\/2020\/03\/rust_server.jpg\" class=\"attachment-post-thumbnail size-post-thumbnail wp-post-image\" alt=\"Un serveur Rust pour red\u00e9couvrir le jeu !\" style=\"width:100%;height:100%;object-fit:cover;\" srcset=\"https:\/\/terageek.org\/wp-content\/uploads\/2020\/03\/rust_server.jpg 2488w, https:\/\/terageek.org\/wp-content\/uploads\/2020\/03\/rust_server-300x104.jpg 300w, https:\/\/terageek.org\/wp-content\/uploads\/2020\/03\/rust_server-1024x356.jpg 1024w, https:\/\/terageek.org\/wp-content\/uploads\/2020\/03\/rust_server-768x267.jpg 768w, https:\/\/terageek.org\/wp-content\/uploads\/2020\/03\/rust_server-1536x534.jpg 1536w, https:\/\/terageek.org\/wp-content\/uploads\/2020\/03\/rust_server-2048x712.jpg 2048w, https:\/\/terageek.org\/wp-content\/uploads\/2020\/03\/rust_server-570x198.jpg 570w\" sizes=\"auto, (max-width: 2488px) 100vw, 2488px\" \/><\/a><\/figure>\n\n\n<div class=\"wp-block-group alignwide has-background is-layout-flow wp-container-core-group-is-layout-f6195907 wp-block-group-is-layout-flow\" style=\"background-color:#111111;margin-top:0px;padding-top:40px;padding-right:40px;padding-bottom:40px;padding-left:40px\"><h3 style=\"font-style:normal;font-weight:400;\" class=\"alignwide wp-block-post-title\"><a href=\"https:\/\/terageek.org\/en\/news\/serveur-rust-pour-redecouvrir-le-jeu\/\" target=\"_self\" >Un serveur Rust pour red\u00e9couvrir le jeu !<\/a><\/h3>\n\n\n<div class=\"wp-block-group is-nowrap is-layout-flex wp-container-core-group-is-layout-6c531013 wp-block-group-is-layout-flex\"><div class=\"wp-block-post-author\"><div class=\"wp-block-post-author__avatar\"><img alt='' src='https:\/\/terageek.org\/wp-content\/uploads\/avatars\/1\/607cdc6365201-bpthumb.png' srcset='https:\/\/terageek.org\/wp-content\/uploads\/avatars\/1\/607cdc6365201-bpthumb.png 2x' class='avatar avatar-24 photo' height='24' width='24' \/><\/div><div class=\"wp-block-post-author__content\"><p class=\"wp-block-post-author__byline\">Article de<\/p><p class=\"wp-block-post-author__name\">UltimateByte<\/p><\/div><\/div>\n\n<div class=\"wp-block-post-date has-small-font-size\"><time datetime=\"2020-03-31T20:55:54+02:00\"><a href=\"https:\/\/terageek.org\/en\/news\/serveur-rust-pour-redecouvrir-le-jeu\/\">31 March 2020<\/a><\/time><\/div><\/div>\n\n\n<div class=\"wp-block-post-excerpt\"><p class=\"wp-block-post-excerpt__excerpt\">On pr\u00e9voit de quoi vous occuper durant le confinement chez TeraGeek avec sans doute le meilleur serveur Rust jamais d\u00e9ploy\u00e9 \u00e0 ce jour ! Fini l&rsquo;\u00eele abandonn\u00e9e, ici vous allez voguer sur une version custom de la carte de France dans un univers post-apocalyptique et non sans vous reposer sur vos lauriers, car vous allez<\/p><p class=\"wp-block-post-excerpt__more-text\"><a class=\"wp-block-post-excerpt__more-link\" href=\"https:\/\/terageek.org\/en\/news\/serveur-rust-pour-redecouvrir-le-jeu\/\">Lire la suite<\/a><\/p><\/div><\/div>\n<\/div>\n\n<\/li><li class=\"wp-block-post post-19874 post type-post status-publish format-standard has-post-thumbnail hentry category-gaming category-news\">\n\n<div class=\"wp-block-group has-shadow-dark animated animated-fadeInUp has-global-padding is-layout-constrained wp-container-core-group-is-layout-da976f36 wp-block-group-is-layout-constrained\" style=\"padding-top:0px;padding-right:0px;padding-bottom:0px;padding-left:0px\"><figure style=\"aspect-ratio:16\/9;\" class=\"alignwide no-padding wp-block-post-featured-image\"><a href=\"https:\/\/terageek.org\/en\/news\/nouveau-serveur-survival-pvp-bot-rust\/\" target=\"_self\"  ><img loading=\"lazy\" decoding=\"async\" width=\"2560\" height=\"1440\" src=\"https:\/\/terageek.org\/wp-content\/uploads\/2019\/11\/rust-terageek.jpg\" class=\"attachment-post-thumbnail size-post-thumbnail wp-post-image\" alt=\"Nouveau serveur Survival PvP\/bot : Rust\" style=\"width:100%;height:100%;object-fit:cover;\" srcset=\"https:\/\/terageek.org\/wp-content\/uploads\/2019\/11\/rust-terageek.jpg 2560w, https:\/\/terageek.org\/wp-content\/uploads\/2019\/11\/rust-terageek-300x169.jpg 300w, https:\/\/terageek.org\/wp-content\/uploads\/2019\/11\/rust-terageek-1024x576.jpg 1024w, https:\/\/terageek.org\/wp-content\/uploads\/2019\/11\/rust-terageek-768x432.jpg 768w, https:\/\/terageek.org\/wp-content\/uploads\/2019\/11\/rust-terageek-1536x864.jpg 1536w, https:\/\/terageek.org\/wp-content\/uploads\/2019\/11\/rust-terageek-2048x1152.jpg 2048w, https:\/\/terageek.org\/wp-content\/uploads\/2019\/11\/rust-terageek-570x321.jpg 570w, https:\/\/terageek.org\/wp-content\/uploads\/2019\/11\/rust-terageek-1110x624.jpg 1110w, https:\/\/terageek.org\/wp-content\/uploads\/2019\/11\/rust-terageek-528x297.jpg 528w\" sizes=\"auto, (max-width: 2560px) 100vw, 2560px\" \/><\/a><\/figure>\n\n\n<div class=\"wp-block-group alignwide has-background is-layout-flow wp-container-core-group-is-layout-f6195907 wp-block-group-is-layout-flow\" style=\"background-color:#111111;margin-top:0px;padding-top:40px;padding-right:40px;padding-bottom:40px;padding-left:40px\"><h3 style=\"font-style:normal;font-weight:400;\" class=\"alignwide wp-block-post-title\"><a href=\"https:\/\/terageek.org\/en\/news\/nouveau-serveur-survival-pvp-bot-rust\/\" target=\"_self\" >Nouveau serveur Survival PvP\/bot : Rust<\/a><\/h3>\n\n\n<div class=\"wp-block-group is-nowrap is-layout-flex wp-container-core-group-is-layout-6c531013 wp-block-group-is-layout-flex\"><div class=\"wp-block-post-author\"><div class=\"wp-block-post-author__avatar\"><img alt='' src='https:\/\/terageek.org\/wp-content\/uploads\/avatars\/1\/607cdc6365201-bpthumb.png' srcset='https:\/\/terageek.org\/wp-content\/uploads\/avatars\/1\/607cdc6365201-bpthumb.png 2x' class='avatar avatar-24 photo' height='24' width='24' \/><\/div><div class=\"wp-block-post-author__content\"><p class=\"wp-block-post-author__byline\">Article de<\/p><p class=\"wp-block-post-author__name\">UltimateByte<\/p><\/div><\/div>\n\n<div class=\"wp-block-post-date has-small-font-size\"><time datetime=\"2019-11-03T15:51:03+01:00\"><a href=\"https:\/\/terageek.org\/en\/news\/nouveau-serveur-survival-pvp-bot-rust\/\">3 November 2019<\/a><\/time><\/div><\/div>\n\n\n<div class=\"wp-block-post-excerpt\"><p class=\"wp-block-post-excerpt__excerpt\">MAJ Avril 2020 : Ce serveur est d\u00e9sormais remplac\u00e9 par un nouveau ! Voir : Rust On vous ouvre un nouveau serveur Rust ! Rust Rust est un jeu de survie apocalyptique o\u00f9 les joueurs peuvent \u00eatre vos alli\u00e9s comme vos pires ennemis. Vous devrez vous allier pour survivre face \u00e0 une nature difficile et<\/p><p class=\"wp-block-post-excerpt__more-text\"><a class=\"wp-block-post-excerpt__more-link\" href=\"https:\/\/terageek.org\/en\/news\/nouveau-serveur-survival-pvp-bot-rust\/\">Lire la suite<\/a><\/p><\/div><\/div>\n<\/div>\n\n<\/li><li class=\"wp-block-post post-19863 post type-post status-publish format-standard has-post-thumbnail hentry category-gaming category-news\">\n\n<div class=\"wp-block-group has-shadow-dark animated animated-fadeInUp has-global-padding is-layout-constrained wp-container-core-group-is-layout-da976f36 wp-block-group-is-layout-constrained\" style=\"padding-top:0px;padding-right:0px;padding-bottom:0px;padding-left:0px\"><figure style=\"aspect-ratio:16\/9;\" class=\"alignwide no-padding wp-block-post-featured-image\"><a href=\"https:\/\/terageek.org\/en\/news\/nouveau-serveur-survival-7-days-to-die\/\" target=\"_self\"  ><img loading=\"lazy\" decoding=\"async\" width=\"1920\" height=\"1080\" src=\"https:\/\/terageek.org\/wp-content\/uploads\/2019\/11\/7-days-to-die-hurleuses.jpg\" class=\"attachment-post-thumbnail size-post-thumbnail wp-post-image\" alt=\"Nouveau serveur Survival : 7 Days to Die\" style=\"width:100%;height:100%;object-fit:cover;\" srcset=\"https:\/\/terageek.org\/wp-content\/uploads\/2019\/11\/7-days-to-die-hurleuses.jpg 1920w, https:\/\/terageek.org\/wp-content\/uploads\/2019\/11\/7-days-to-die-hurleuses-300x169.jpg 300w, https:\/\/terageek.org\/wp-content\/uploads\/2019\/11\/7-days-to-die-hurleuses-1024x576.jpg 1024w, https:\/\/terageek.org\/wp-content\/uploads\/2019\/11\/7-days-to-die-hurleuses-768x432.jpg 768w, https:\/\/terageek.org\/wp-content\/uploads\/2019\/11\/7-days-to-die-hurleuses-1536x864.jpg 1536w, https:\/\/terageek.org\/wp-content\/uploads\/2019\/11\/7-days-to-die-hurleuses-570x321.jpg 570w, https:\/\/terageek.org\/wp-content\/uploads\/2019\/11\/7-days-to-die-hurleuses-1110x624.jpg 1110w, https:\/\/terageek.org\/wp-content\/uploads\/2019\/11\/7-days-to-die-hurleuses-528x297.jpg 528w\" sizes=\"auto, (max-width: 1920px) 100vw, 1920px\" \/><\/a><\/figure>\n\n\n<div class=\"wp-block-group alignwide has-background is-layout-flow wp-container-core-group-is-layout-f6195907 wp-block-group-is-layout-flow\" style=\"background-color:#111111;margin-top:0px;padding-top:40px;padding-right:40px;padding-bottom:40px;padding-left:40px\"><h3 style=\"font-style:normal;font-weight:400;\" class=\"alignwide wp-block-post-title\"><a href=\"https:\/\/terageek.org\/en\/news\/nouveau-serveur-survival-7-days-to-die\/\" target=\"_self\" >Nouveau serveur Survival : 7 Days to Die<\/a><\/h3>\n\n\n<div class=\"wp-block-group is-nowrap is-layout-flex wp-container-core-group-is-layout-6c531013 wp-block-group-is-layout-flex\"><div class=\"wp-block-post-author\"><div class=\"wp-block-post-author__avatar\"><img alt='' src='https:\/\/terageek.org\/wp-content\/uploads\/avatars\/1\/607cdc6365201-bpthumb.png' srcset='https:\/\/terageek.org\/wp-content\/uploads\/avatars\/1\/607cdc6365201-bpthumb.png 2x' class='avatar avatar-24 photo' height='24' width='24' \/><\/div><div class=\"wp-block-post-author__content\"><p class=\"wp-block-post-author__byline\">Article de<\/p><p class=\"wp-block-post-author__name\">UltimateByte<\/p><\/div><\/div>\n\n<div class=\"wp-block-post-date has-small-font-size\"><time datetime=\"2019-11-03T15:08:43+01:00\"><a href=\"https:\/\/terageek.org\/en\/news\/nouveau-serveur-survival-7-days-to-die\/\">3 November 2019<\/a><\/time><\/div><\/div>\n\n\n<div class=\"wp-block-post-excerpt\"><p class=\"wp-block-post-excerpt__excerpt\">Salut les TeraGeeks ! Aujourd&rsquo;hui on vous propose du lourd sur excellent jeu survival. 7 Days to Die 7 Days to Die est un jeu de survie apocalyptique contre des zombies. Tous les 7 jours, vous devrez survivre \u00e0 une \u00e9norme vague de zombies, il faudra donc bien se pr\u00e9parer&#8230; La grosse particularit\u00e9 de ce<\/p><p class=\"wp-block-post-excerpt__more-text\"><a class=\"wp-block-post-excerpt__more-link\" href=\"https:\/\/terageek.org\/en\/news\/nouveau-serveur-survival-7-days-to-die\/\">Lire la suite<\/a><\/p><\/div><\/div>\n<\/div>\n\n<\/li><\/ul>\n\n<nav class=\"aligncenter has-shadow-dark  animated animated-fadeInUp wp-block-query-pagination is-content-justification-space-between is-layout-flex wp-container-core-query-pagination-is-layout-b2891da8 wp-block-query-pagination-is-layout-flex\" aria-label=\"Pagination\">\n\n\n<div class=\"wp-block-query-pagination-numbers\"><span aria-current=\"page\" class=\"page-numbers current\">1<\/span>\n<a class=\"page-numbers\" href=\"?query-1-page=2\">2<\/a>\n<a class=\"page-numbers\" href=\"?query-1-page=3\">3<\/a>\n<span class=\"page-numbers dots\">&hellip;<\/span>\n<a class=\"page-numbers\" href=\"?query-1-page=14\">14<\/a><\/div>\n\n<a href=\"\/en\/wp-json\/wp\/v2\/pages\/20981?query-1-page=2\" class=\"wp-block-query-pagination-next has-small-font-size\">Next Page<span class='wp-block-query-pagination-next-arrow is-arrow-arrow' aria-hidden='true'>\u2192<\/span><\/a>\n<\/nav><\/main>\n<\/div>\n","protected":false},"excerpt":{"rendered":"<p>All publications<\/p>","protected":false},"author":1,"featured_media":20259,"parent":0,"menu_order":0,"comment_status":"closed","ping_status":"closed","template":"page-no-title","meta":{"footnotes":""},"class_list":["post-20981","page","type-page","status-publish","has-post-thumbnail","hentry"],"_links":{"self":[{"href":"https:\/\/terageek.org\/en\/wp-json\/wp\/v2\/pages\/20981","targetHints":{"allow":["GET"]}}],"collection":[{"href":"https:\/\/terageek.org\/en\/wp-json\/wp\/v2\/pages"}],"about":[{"href":"https:\/\/terageek.org\/en\/wp-json\/wp\/v2\/types\/page"}],"author":[{"embeddable":true,"href":"https:\/\/terageek.org\/en\/wp-json\/wp\/v2\/users\/1"}],"replies":[{"embeddable":true,"href":"https:\/\/terageek.org\/en\/wp-json\/wp\/v2\/comments?post=20981"}],"version-history":[{"count":3,"href":"https:\/\/terageek.org\/en\/wp-json\/wp\/v2\/pages\/20981\/revisions"}],"predecessor-version":[{"id":20989,"href":"https:\/\/terageek.org\/en\/wp-json\/wp\/v2\/pages\/20981\/revisions\/20989"}],"wp:featuredmedia":[{"embeddable":true,"href":"https:\/\/terageek.org\/en\/wp-json\/wp\/v2\/media\/20259"}],"wp:attachment":[{"href":"https:\/\/terageek.org\/en\/wp-json\/wp\/v2\/media?parent=20981"}],"curies":[{"name":"wp","href":"https:\/\/api.w.org\/{rel}","templated":true}]}}